{"id":1639,"date":"2015-05-21T18:06:37","date_gmt":"2015-05-22T04:06:37","guid":{"rendered":"http:\/\/petropol-polynesie.com\/aviation-2\/"},"modified":"2023-01-13T05:36:37","modified_gmt":"2023-01-13T15:36:37","slug":"aviation","status":"publish","type":"page","link":"https:\/\/petropol-polynesie.com\/en\/aviation\/","title":{"rendered":"Aviation"},"content":{"rendered":"<div class=\"wpb-content-wrapper\"><p>[vc_row css=&#8221;.vc_custom_1438290486643{margin-top: -160px !important;}&#8221;][vc_column][vc_single_image image=&#8221;738&#8243; img_size=&#8221;1310&#215;450&#8243; alignment=&#8221;center&#8221;][\/vc_column][\/vc_row][vc_row css=&#8221;.vc_custom_1533671848196{padding-right: 50px !important;padding-left: 20px !important;}&#8221;][vc_column width=&#8221;1\/4&#8243;][vc_empty_space height=&#8221;120&#8243;][vc_tta_accordion style=&#8221;flat&#8221; shape=&#8221;square&#8221; c_icon=&#8221;triangle&#8221; active_section=&#8221;0&#8243; collapsible_all=&#8221;true&#8221; css=&#8221;.vc_custom_1533671836671{padding-left: 20px !important;background-color: #0c479d !important;border-radius: 10px !important;}&#8221;][vc_tta_section i_icon_fontawesome=&#8221;fa fa-external-link&#8221; add_icon=&#8221;true&#8221; title=&#8221;ExxonMobil&#8221; tab_id=&#8221;1450918292073-f1fee5b6-51f4&#8243;][vc_column_text]<span style=\"color: #ff0000;\"><a style=\"color: #ff0000;\" href=\"http:\/\/corporate.exxonmobil.com\/\">Corporate Exxonmobil<\/a><\/span>[\/vc_column_text][\/vc_tta_section][vc_tta_section i_icon_fontawesome=&#8221;fa fa-newspaper-o&#8221; add_icon=&#8221;true&#8221; title=&#8221;What&#8217;s new ?&#8221; tab_id=&#8221;1450918292543-746dbe59-a5d1&#8243;][vc_column_text]<span style=\"color: #ff0000;\"><a style=\"color: #ff0000;\" href=\"http:\/\/petropol-polynesie.com\/en\/lubricants-specialties\/\">Looking for high performance lubricants ? <\/a><\/span>[\/vc_column_text][\/vc_tta_section][vc_tta_section i_icon_fontawesome=&#8221;fas fa-user-lock&#8221; add_icon=&#8221;true&#8221; title=&#8221;Client access&#8221; tab_id=&#8221;1673623451825-e33900ec-b4e1&#8243;][vc_column_text]<a href=\"https:\/\/mobil.ciss.fr\/actualites\" target=\"_blank\" rel=\"noopener\">Login<\/a>[\/vc_column_text][\/vc_tta_section][vc_tta_section i_icon_fontawesome=&#8221;fa fa-envelope-o&#8221; add_icon=&#8221;true&#8221; title=&#8221;Contact us&#8221; tab_id=&#8221;1450918540038-5085f4d4-29dc&#8221;][vc_column_text]<span style=\"color: #ff0000;\"><a style=\"color: #ff0000;\" href=\"http:\/\/petropol-polynesie.com\/en\/contact\/\">Contact Petropol<\/a><\/span>[\/vc_column_text][\/vc_tta_section][\/vc_tta_accordion][vc_empty_space height=&#8221;20px&#8221;][\/vc_column][vc_column width=&#8221;3\/4&#8243;][vc_column_text]<\/p>\n<h1 style=\"text-align: center;\">\u00a0Aviation<\/h1>\n<p>[\/vc_column_text][vc_column_text]<\/p>\n<h4 style=\"text-align: center;\"><span style=\"font-weight: 400;\">Equipped to provide airlines and tourism airplanes with fuel,<br \/>\n<\/span><span style=\"font-weight: 400;\"><strong>Petropol<\/strong><\/span><strong>\u00a0<\/strong><span style=\"font-weight: 400;\">profits of a real expertise in the aviation sector.<\/span><\/h4>\n<p>[\/vc_column_text][vc_single_image image=&#8221;782&#8243; img_size=&#8221;1200&#215;200&#8243; alignment=&#8221;center&#8221;][vc_column_text]<\/p>\n<h5 style=\"text-align: center;\"><span style=\"font-weight: 900; font-family: Roboto;\"><span style=\"color: #000080;\"> Petr<span style=\"color: #ff0000;\">o<\/span>pol <\/span><\/span> provides high quality products and services and works with several international airlines.<\/h5>\n<h5 style=\"text-align: center;\">Our JET A-1 and AVGAS 100 LL fuels are especially engineered to perfectly meet international legislation.<\/h5>\n<p>[\/vc_column_text][vc_empty_space height=&#8221;20px&#8221;][vc_cta h2=&#8221;JET A-1&#8243; shape=&#8221;square&#8221; style=&#8221;3d&#8221; add_button=&#8221;bottom&#8221; btn_title=&#8221;Contact us&#8221; btn_style=&#8221;outline-custom&#8221; btn_outline_custom_color=&#8221;#0c479d&#8221; btn_outline_custom_hover_background=&#8221;#0c479d&#8221; btn_outline_custom_hover_text=&#8221;#ffffff&#8221; btn_shape=&#8221;square&#8221; btn_i_icon_fontawesome=&#8221;fa fa-envelope&#8221; btn_css_animation=&#8221;fadeIn&#8221; btn_add_icon=&#8221;true&#8221; btn_link=&#8221;url:http%3A%2F%2Fpetropol-polynesie.com%2Fen%2Fcontact%2F|||&#8221;]<\/p>\n<p style=\"text-align: justify;\"><strong><img loading=\"lazy\" decoding=\"async\" class=\"alignleft wp-image-2367\" src=\"https:\/\/petropol-polynesie.com\/wp-content\/uploads\/2018\/08\/Air-France-avitaillement.jpg\" alt=\"\" width=\"310\" height=\"233\" srcset=\"https:\/\/petropol-polynesie.com\/wp-content\/uploads\/2018\/08\/Air-France-avitaillement.jpg 640w, https:\/\/petropol-polynesie.com\/wp-content\/uploads\/2018\/08\/Air-France-avitaillement-300x225.jpg 300w\" sizes=\"auto, (max-width: 310px) 100vw, 310px\" \/>International specifications<\/strong><\/p>\n<p style=\"text-align: justify;\"><span style=\"font-weight: 400;\">The JET A-1 is a kerosene fuel which fits to most reactors equipped aircrafts. It meets rigorous international requirements, including the last version of the DEF STAN 91-91 British standard, the ASTM D1655 standard, and the NATO&#8217;s F-35 specification. It has a flashpoint higher than 38 \u00baC (100 \u00baF) and a freezing point maximal of -47 \u00baC.<\/span><\/p>\n<p style=\"text-align: justify;\"><span style=\"font-weight: 400;\">The JET A-1 is the usual fuel for turbines.<\/span><\/p>\n<p>[\/vc_cta][vc_cta h2=&#8221;AVGAS 100 LL&#8221; shape=&#8221;square&#8221; style=&#8221;3d&#8221; add_button=&#8221;bottom&#8221; btn_title=&#8221;Contact us&#8221; btn_style=&#8221;outline-custom&#8221; btn_outline_custom_color=&#8221;#0c479d&#8221; btn_outline_custom_hover_background=&#8221;#0c479d&#8221; btn_outline_custom_hover_text=&#8221;#ffffff&#8221; btn_shape=&#8221;square&#8221; btn_i_icon_fontawesome=&#8221;fa fa-envelope&#8221; btn_css_animation=&#8221;fadeIn&#8221; btn_add_icon=&#8221;true&#8221; btn_link=&#8221;url:http%3A%2F%2Fpetropol-polynesie.com%2Fen%2Fcontact%2F|||&#8221;]<img loading=\"lazy\" decoding=\"async\" class=\"alignleft wp-image-2364\" src=\"https:\/\/petropol-polynesie.com\/wp-content\/uploads\/2018\/08\/aviation.jpg\" alt=\"aviation\" width=\"310\" height=\"207\" srcset=\"https:\/\/petropol-polynesie.com\/wp-content\/uploads\/2018\/08\/aviation.jpg 1600w, https:\/\/petropol-polynesie.com\/wp-content\/uploads\/2018\/08\/aviation-300x200.jpg 300w, https:\/\/petropol-polynesie.com\/wp-content\/uploads\/2018\/08\/aviation-768x512.jpg 768w, https:\/\/petropol-polynesie.com\/wp-content\/uploads\/2018\/08\/aviation-1024x683.jpg 1024w\" sizes=\"auto, (max-width: 310px) 100vw, 310px\" \/><\/p>\n<p style=\"text-align: justify;\"><strong>Strict specifications<\/strong><\/p>\n<p style=\"text-align: justify;\"><span style=\"font-weight: 400;\">The AVGAS 100 LL is an aviation gasoline especially engineered for piston engine aircrafts. It is a special mix with a high performance index. <\/span><span style=\"font-weight: 400;\">The AVGAS 100 LL meets the ASTM D919 and Def Stan 91-90 specifications.<\/span><\/p>\n<p style=\"text-align: justify;\"><strong>Continued quality control<\/strong><\/p>\n<p style=\"text-align: justify;\"><span style=\"font-weight: 400;\">The international specifications are updated on a regular basis.<\/span><\/p>\n<p>[\/vc_cta][vc_single_image image=&#8221;783&#8243; img_size=&#8221;1200&#215;200&#8243; alignment=&#8221;center&#8221;]<div class=\"vc_titles title_align_left\"><h1>OUR CONCIERGE SERVICE<\/h1><div class=\"title-stripes-left\"><\/div><\/div>[vc_column_text]<\/p>\n<p style=\"text-align: justify;\"><span style=\"font-weight: 400;\">For your greatest comfort, <span style=\"font-weight: 900; font-family: Roboto;\"><span style=\"color: #000080;\"> Petr<span style=\"color: #ff0000;\">o<\/span>pol <\/span><\/span>benefits of an exclusive partnership with a company which offers concierge service for private airplanes bunkering at the Tahiti Airport. \u00a0Those activities are destined to both private and executive airplanes and can provide all expected services such as refueling, equipment maintenance, a passengers lounge, a meeting room, catering\u00a0 and many other services. <\/span><\/p>\n<p>[\/vc_column_text][vc_images_carousel images=&#8221;745,748&#8243; img_size=&#8221;700&#215;300&#8243; autoplay=&#8221;yes&#8221; wrap=&#8221;yes&#8221;][\/vc_column][\/vc_row][vc_row][vc_column][vc_empty_space][\/vc_column][\/vc_row]<\/p>\n<\/div>","protected":false},"excerpt":{"rendered":"<p>[vc_row css=&#8221;.vc_custom_1438290486643{margin-top: -160px !important;}&#8221;][vc_column][vc_single_image image=&#8221;738&#8243; img_size=&#8221;1310&#215;450&#8243; alignment=&#8221;center&#8221;][\/vc_column][\/vc_row][vc_row css=&#8221;.vc_custom_1533671848196{padding-right: 50px !important;padding-left: 20px !important;}&#8221;][vc_column width=&#8221;1\/4&#8243;][vc_empty_space height=&#8221;120&#8243;][vc_tta_accordion style=&#8221;flat&#8221; shape=&#8221;square&#8221; c_icon=&#8221;triangle&#8221; active_section=&#8221;0&#8243; collapsible_all=&#8221;true&#8221; css=&#8221;.vc_custom_1533671836671{padding-left: 20px !important;background-color: #0c479d !important;border-radius: 10px !important;}&#8221;][vc_tta_section i_icon_fontawesome=&#8221;fa fa-external-link&#8221; add_icon=&#8221;true&#8221; title=&#8221;ExxonMobil&#8221; tab_id=&#8221;1450918292073-f1fee5b6-51f4&#8243;][vc_column_text]Corporate Exxonmobil[\/vc_column_text][\/vc_tta_section][vc_tta_section i_icon_fontawesome=&#8221;fa fa-newspaper-o&#8221; add_icon=&#8221;true&#8221; title=&#8221;What&#8217;s new ?&#8221; tab_id=&#8221;1450918292543-746dbe59-a5d1&#8243;][vc_column_text]Looking for high performance lubricants ? [\/vc_column_text][\/vc_tta_section][vc_tta_section i_icon_fontawesome=&#8221;fas fa-user-lock&#8221; add_icon=&#8221;true&#8221; title=&#8221;Client access&#8221; tab_id=&#8221;1673623451825-e33900ec-b4e1&#8243;][vc_column_text]Login[\/vc_column_text][\/vc_tta_section][vc_tta_section i_icon_fontawesome=&#8221;fa fa-envelope-o&#8221; add_icon=&#8221;true&#8221; title=&#8221;Contact [&hellip;]<\/p>\n","protected":false},"author":1,"featured_media":0,"parent":0,"menu_order":0,"comment_status":"open","ping_status":"open","template":"","meta":{"footnotes":""},"class_list":["post-1639","page","type-page","status-publish","hentry"],"yoast_head":"<!-- This site is optimized with the Yoast SEO plugin v27.5 - https:\/\/yoast.com\/product\/yoast-seo-wordpress\/ -->\n<title>Aviation - Petropol Polyn\u00e9sie<\/title>\n<meta name=\"description\" content=\"\u00c9quip\u00e9 pour fournir du carburant aux compagnies a\u00e9riennes tout comme aux avions de tourisme, Petropol b\u00e9n\u00e9ficie d\u2019une r\u00e9elle expertise dans le domaine de l\u2019aviation.\" \/>\n<meta name=\"robots\" content=\"index, follow, max-snippet:-1, max-image-preview:large, max-video-preview:-1\" \/>\n<link rel=\"canonical\" href=\"https:\/\/petropol-polynesie.com\/en\/aviation\/\" \/>\n<meta property=\"og:locale\" content=\"en_US\" \/>\n<meta property=\"og:type\" content=\"article\" \/>\n<meta property=\"og:title\" content=\"Aviation - Petropol Polyn\u00e9sie\" \/>\n<meta property=\"og:description\" content=\"\u00c9quip\u00e9 pour fournir du carburant aux compagnies a\u00e9riennes tout comme aux avions de tourisme, Petropol b\u00e9n\u00e9ficie d\u2019une r\u00e9elle expertise dans le domaine de l\u2019aviation.\" \/>\n<meta property=\"og:url\" content=\"https:\/\/petropol-polynesie.com\/en\/aviation\/\" \/>\n<meta property=\"og:site_name\" content=\"Petropol Polyn\u00e9sie\" \/>\n<meta property=\"article:modified_time\" content=\"2023-01-13T15:36:37+00:00\" \/>\n<meta property=\"og:image\" content=\"https:\/\/petropol-polynesie.com\/wp-content\/uploads\/2018\/08\/Air-France-avitaillement.jpg\" \/>\n<meta name=\"twitter:card\" content=\"summary_large_image\" \/>\n<meta name=\"twitter:label1\" content=\"Est. reading time\" \/>\n\t<meta name=\"twitter:data1\" content=\"3 minutes\" \/>\n<script type=\"application\/ld+json\" class=\"yoast-schema-graph\">{\"@context\":\"https:\\\/\\\/schema.org\",\"@graph\":[{\"@type\":\"WebPage\",\"@id\":\"https:\\\/\\\/petropol-polynesie.com\\\/en\\\/aviation\\\/\",\"url\":\"https:\\\/\\\/petropol-polynesie.com\\\/en\\\/aviation\\\/\",\"name\":\"Aviation - Petropol Polyn\u00e9sie\",\"isPartOf\":{\"@id\":\"https:\\\/\\\/petropol-polynesie.com\\\/#website\"},\"primaryImageOfPage\":{\"@id\":\"https:\\\/\\\/petropol-polynesie.com\\\/en\\\/aviation\\\/#primaryimage\"},\"image\":{\"@id\":\"https:\\\/\\\/petropol-polynesie.com\\\/en\\\/aviation\\\/#primaryimage\"},\"thumbnailUrl\":\"https:\\\/\\\/petropol-polynesie.com\\\/wp-content\\\/uploads\\\/2018\\\/08\\\/Air-France-avitaillement.jpg\",\"datePublished\":\"2015-05-22T04:06:37+00:00\",\"dateModified\":\"2023-01-13T15:36:37+00:00\",\"description\":\"\u00c9quip\u00e9 pour fournir du carburant aux compagnies a\u00e9riennes tout comme aux avions de tourisme, Petropol b\u00e9n\u00e9ficie d\u2019une r\u00e9elle expertise dans le domaine de l\u2019aviation.\",\"breadcrumb\":{\"@id\":\"https:\\\/\\\/petropol-polynesie.com\\\/en\\\/aviation\\\/#breadcrumb\"},\"inLanguage\":\"en-US\",\"potentialAction\":[{\"@type\":\"ReadAction\",\"target\":[\"https:\\\/\\\/petropol-polynesie.com\\\/en\\\/aviation\\\/\"]}]},{\"@type\":\"ImageObject\",\"inLanguage\":\"en-US\",\"@id\":\"https:\\\/\\\/petropol-polynesie.com\\\/en\\\/aviation\\\/#primaryimage\",\"url\":\"https:\\\/\\\/petropol-polynesie.com\\\/wp-content\\\/uploads\\\/2018\\\/08\\\/Air-France-avitaillement.jpg\",\"contentUrl\":\"https:\\\/\\\/petropol-polynesie.com\\\/wp-content\\\/uploads\\\/2018\\\/08\\\/Air-France-avitaillement.jpg\"},{\"@type\":\"BreadcrumbList\",\"@id\":\"https:\\\/\\\/petropol-polynesie.com\\\/en\\\/aviation\\\/#breadcrumb\",\"itemListElement\":[{\"@type\":\"ListItem\",\"position\":1,\"name\":\"Accueil\",\"item\":\"https:\\\/\\\/petropol-polynesie.com\\\/en\\\/\"},{\"@type\":\"ListItem\",\"position\":2,\"name\":\"Aviation\"}]},{\"@type\":\"WebSite\",\"@id\":\"https:\\\/\\\/petropol-polynesie.com\\\/#website\",\"url\":\"https:\\\/\\\/petropol-polynesie.com\\\/\",\"name\":\"Petropol Polyn\u00e9sie\",\"description\":\"\",\"potentialAction\":[{\"@type\":\"SearchAction\",\"target\":{\"@type\":\"EntryPoint\",\"urlTemplate\":\"https:\\\/\\\/petropol-polynesie.com\\\/?s={search_term_string}\"},\"query-input\":{\"@type\":\"PropertyValueSpecification\",\"valueRequired\":true,\"valueName\":\"search_term_string\"}}],\"inLanguage\":\"en-US\"}]}<\/script>\n<!-- \/ Yoast SEO plugin. -->","yoast_head_json":{"title":"Aviation - Petropol Polyn\u00e9sie","description":"\u00c9quip\u00e9 pour fournir du carburant aux compagnies a\u00e9riennes tout comme aux avions de tourisme, Petropol b\u00e9n\u00e9ficie d\u2019une r\u00e9elle expertise dans le domaine de l\u2019aviation.","robots":{"index":"index","follow":"follow","max-snippet":"max-snippet:-1","max-image-preview":"max-image-preview:large","max-video-preview":"max-video-preview:-1"},"canonical":"https:\/\/petropol-polynesie.com\/en\/aviation\/","og_locale":"en_US","og_type":"article","og_title":"Aviation - Petropol Polyn\u00e9sie","og_description":"\u00c9quip\u00e9 pour fournir du carburant aux compagnies a\u00e9riennes tout comme aux avions de tourisme, Petropol b\u00e9n\u00e9ficie d\u2019une r\u00e9elle expertise dans le domaine de l\u2019aviation.","og_url":"https:\/\/petropol-polynesie.com\/en\/aviation\/","og_site_name":"Petropol Polyn\u00e9sie","article_modified_time":"2023-01-13T15:36:37+00:00","og_image":[{"url":"https:\/\/petropol-polynesie.com\/wp-content\/uploads\/2018\/08\/Air-France-avitaillement.jpg","type":"","width":"","height":""}],"twitter_card":"summary_large_image","twitter_misc":{"Est. reading time":"3 minutes"},"schema":{"@context":"https:\/\/schema.org","@graph":[{"@type":"WebPage","@id":"https:\/\/petropol-polynesie.com\/en\/aviation\/","url":"https:\/\/petropol-polynesie.com\/en\/aviation\/","name":"Aviation - Petropol Polyn\u00e9sie","isPartOf":{"@id":"https:\/\/petropol-polynesie.com\/#website"},"primaryImageOfPage":{"@id":"https:\/\/petropol-polynesie.com\/en\/aviation\/#primaryimage"},"image":{"@id":"https:\/\/petropol-polynesie.com\/en\/aviation\/#primaryimage"},"thumbnailUrl":"https:\/\/petropol-polynesie.com\/wp-content\/uploads\/2018\/08\/Air-France-avitaillement.jpg","datePublished":"2015-05-22T04:06:37+00:00","dateModified":"2023-01-13T15:36:37+00:00","description":"\u00c9quip\u00e9 pour fournir du carburant aux compagnies a\u00e9riennes tout comme aux avions de tourisme, Petropol b\u00e9n\u00e9ficie d\u2019une r\u00e9elle expertise dans le domaine de l\u2019aviation.","breadcrumb":{"@id":"https:\/\/petropol-polynesie.com\/en\/aviation\/#breadcrumb"},"inLanguage":"en-US","potentialAction":[{"@type":"ReadAction","target":["https:\/\/petropol-polynesie.com\/en\/aviation\/"]}]},{"@type":"ImageObject","inLanguage":"en-US","@id":"https:\/\/petropol-polynesie.com\/en\/aviation\/#primaryimage","url":"https:\/\/petropol-polynesie.com\/wp-content\/uploads\/2018\/08\/Air-France-avitaillement.jpg","contentUrl":"https:\/\/petropol-polynesie.com\/wp-content\/uploads\/2018\/08\/Air-France-avitaillement.jpg"},{"@type":"BreadcrumbList","@id":"https:\/\/petropol-polynesie.com\/en\/aviation\/#breadcrumb","itemListElement":[{"@type":"ListItem","position":1,"name":"Accueil","item":"https:\/\/petropol-polynesie.com\/en\/"},{"@type":"ListItem","position":2,"name":"Aviation"}]},{"@type":"WebSite","@id":"https:\/\/petropol-polynesie.com\/#website","url":"https:\/\/petropol-polynesie.com\/","name":"Petropol Polyn\u00e9sie","description":"","potentialAction":[{"@type":"SearchAction","target":{"@type":"EntryPoint","urlTemplate":"https:\/\/petropol-polynesie.com\/?s={search_term_string}"},"query-input":{"@type":"PropertyValueSpecification","valueRequired":true,"valueName":"search_term_string"}}],"inLanguage":"en-US"}]}},"_links":{"self":[{"href":"https:\/\/petropol-polynesie.com\/en\/wp-json\/wp\/v2\/pages\/1639","targetHints":{"allow":["GET"]}}],"collection":[{"href":"https:\/\/petropol-polynesie.com\/en\/wp-json\/wp\/v2\/pages"}],"about":[{"href":"https:\/\/petropol-polynesie.com\/en\/wp-json\/wp\/v2\/types\/page"}],"author":[{"embeddable":true,"href":"https:\/\/petropol-polynesie.com\/en\/wp-json\/wp\/v2\/users\/1"}],"replies":[{"embeddable":true,"href":"https:\/\/petropol-polynesie.com\/en\/wp-json\/wp\/v2\/comments?post=1639"}],"version-history":[{"count":10,"href":"https:\/\/petropol-polynesie.com\/en\/wp-json\/wp\/v2\/pages\/1639\/revisions"}],"predecessor-version":[{"id":3209,"href":"https:\/\/petropol-polynesie.com\/en\/wp-json\/wp\/v2\/pages\/1639\/revisions\/3209"}],"wp:attachment":[{"href":"https:\/\/petropol-polynesie.com\/en\/wp-json\/wp\/v2\/media?parent=1639"}],"curies":[{"name":"wp","href":"https:\/\/api.w.org\/{rel}","templated":true}]}}