{"id":1652,"date":"2015-05-20T16:59:34","date_gmt":"2015-05-21T02:59:34","guid":{"rendered":"http:\/\/petropol-polynesie.com\/s-h-e-2\/"},"modified":"2016-07-27T09:46:00","modified_gmt":"2016-07-27T19:46:00","slug":"s-h-e","status":"publish","type":"page","link":"https:\/\/petropol-polynesie.com\/en\/s-h-e\/","title":{"rendered":"S.H.E. Policies"},"content":{"rendered":"<div class=\"wpb-content-wrapper\"><p>[vc_row][vc_column][vc_single_image image=&#8221;728&#8243; img_size=&#8221;full&#8221; alignment=&#8221;center&#8221;]<div class=\"vc_titles title_align_center\"><h1>Security, Hygiene and the Environment - S.H.E.<\/h1><div class=\"title-stripes-center\"><\/div><\/div>[\/vc_column][\/vc_row][vc_row css=&#8221;.vc_custom_1448871281920{padding-right: 50px !important;padding-left: 50px !important;}&#8221;][vc_column width=&#8221;1\/3&#8243; css=&#8221;.vc_custom_1450923026901{padding-left: -50px !important;}&#8221;][vc_empty_space][vc_tta_accordion active_section=&#8221;1&#8243;][vc_tta_section title=&#8221;ExxonMobil&#8221; tab_id=&#8221;1450918292073-f1fee5b6-51f4&#8243;][vc_column_text]<span style=\"color: #ff0000;\"><a style=\"color: #ff0000;\" href=\"http:\/\/corporate.exxonmobil.com\/\">Corporate Exxonmobil<\/a><\/span>[\/vc_column_text][\/vc_tta_section][vc_tta_section title=&#8221;What&#8217;s new ?&#8221; tab_id=&#8221;1450918292543-746dbe59-a5d1&#8243;][vc_column_text]<span style=\"color: #ff0000;\"><a style=\"color: #ff0000;\" href=\"http:\/\/petropol-polynesie.com\/en\/lubricants-specialties\/\">Looking for high performance lubricants ? <\/a><\/span>[\/vc_column_text][\/vc_tta_section][vc_tta_section title=&#8221;Contact us&#8221; tab_id=&#8221;1450918540038-5085f4d4-29dc&#8221;][vc_column_text]<span style=\"color: #ff0000;\"><a style=\"color: #ff0000;\" href=\"http:\/\/petropol-polynesie.com\/en\/contact\/\">Contact Petropol<\/a><\/span>[\/vc_column_text][\/vc_tta_section][\/vc_tta_accordion][vc_empty_space][\/vc_column][vc_column width=&#8221;1\/3&#8243; css=&#8221;.vc_custom_1450923035794{padding-left: -30px !important;}&#8221;][vc_row_inner][vc_column_inner][vc_column_text css=&#8221;.vc_custom_1450922659326{border-right-width: 20px !important;border-left-width: 20px !important;}&#8221;]<\/p>\n<h1 style=\"text-align: justify;\"><span style=\"font-weight: 400;\">OUR COMMITMENTS IN S.H.E. POLICIES<\/span>\u00a0:<\/h1>\n<p style=\"text-align: justify;\"><span style=\"font-weight: 400;\">As a key player of the French Polynesia development,\u00a0<span style=\"font-weight: 900; font-family: Roboto;\"><span style=\"color: #000080;\">Petr<span style=\"color: #ff0000;\">o<\/span>pol <\/span><\/span>has to be a corporate citizen. Safety is a fundamental human value for us, a guarantee of quality and efficiency, and a responsible company duty. Thereby, every single activity we have is part of a commitment process towards the Polynesian and Caledonian communities.<\/span><\/p>\n<p style=\"text-align: justify;\"><span style=\"font-weight: 400;\">French Polynesia has a remarkable biodiversity and its remoteness makes it even more sensitive, that is why it is necessary to act in its favor. \u00a0\u00a0This commitment is characterized by the staff and partners awareness to environmental risks prevention; and by the implementation of responsible operating practices in order to reduce the environmental impact of its activities as well.<\/span><\/p>\n<p>[\/vc_column_text][vc_icon icon_fontawesome=&#8221;fa fa-hand-o-down&#8221; color=&#8221;custom&#8221; size=&#8221;xl&#8221; align=&#8221;center&#8221; custom_color=&#8221;#0032a0&#8243;][vc_btn title=&#8221;Download our SHE Policies !&#8221; shape=&#8221;square&#8221; color=&#8221;black&#8221; size=&#8221;lg&#8221; align=&#8221;center&#8221; link=&#8221;url:http%3A%2F%2Fpetropol-polynesie.com%2Fwp-content%2Fuploads%2F2015%2F09%2FSHE-Marquises-Final.pdf||target:%20_blank&#8221; button_block=&#8221;true&#8221;][vc_empty_space height=&#8221;50&#8243;][vc_single_image image=&#8221;1110&#8243; img_size=&#8221;500&#215;300&#8243; alignment=&#8221;center&#8221;][\/vc_column_inner][\/vc_row_inner][\/vc_column][vc_column width=&#8221;1\/3&#8243;][vc_column_text]<\/p>\n<p style=\"text-align: justify;\"><span style=\"font-weight: 400;\">Just like <span style=\"color: #ff0000; font-weight: 900; font-family: Roboto;\">ExxonMobil<\/span><span style=\"font-weight: 900; font-family: Roboto;\"><span style=\"color: #000080;\"> Petr<span style=\"color: #ff0000;\">o<\/span>pol <\/span><\/span>is determined to reach and maintain excellence in terms of Safety, Health, and Environment. \u00a0Therefore, <span style=\"font-weight: 900; font-family: Roboto;\"><span style=\"color: #000080;\"> Petr<span style=\"color: #ff0000;\">o<\/span>pol <\/span><\/span>has been committed to follow the example of <span style=\"color: #ff0000; font-weight: 900; font-family: Roboto;\">ExxonMobil<\/span> OIMS<span style=\"font-weight: 400;\">\u00a0Policy <\/span><span style=\"font-weight: 400;\">which set itself the goal to reach the <strong>\u00ab\u00a00 \u00bb<\/strong> accident and pollution risk in all its gas facilities.\u00a0<\/span><\/span><\/p>\n<p>[\/vc_column_text][vc_single_image image=&#8221;729&#8243; img_size=&#8221;200&#215;200&#8243; alignment=&#8221;center&#8221; style=&#8221;vc_box_shadow_3d&#8221; css=&#8221;.vc_custom_1436492291578{margin-top: 0px !important;margin-right: 0px !important;margin-bottom: 0px !important;margin-left: 0px !important;padding-bottom: 15px !important;}&#8221;][vc_column_text]<\/p>\n<p style=\"text-align: justify;\"><span style=\"font-weight: 400;\">Through its <\/span>\u00ab<b> Safety, Health and Environment Commitment <\/b><span style=\"font-weight: 400;\">\u00bb charter, the<span style=\"font-weight: 900; font-family: Roboto;\"><span style=\"color: #000080;\"> Petr<span style=\"color: #ff0000;\">o<\/span>pol <\/span><\/span>company has demonstrated its willingness to control risks inherent to its activities nature and to guarantee a \u00ab\u00a0without accident work place\u00a0\u00bb. \u00a0\u00a0\u00a0<\/span><\/p>\n<p>[\/vc_column_text][vc_empty_space height=&#8221;20px&#8221;][vc_column_text]<\/p>\n<h2 style=\"text-align: justify;\"><span style=\"font-weight: 400;\">TO REACH THE GOAL \u00ab\u00a00\u00a0\u00bb,\u00a0PETROPOL SET UP<\/span><span style=\"color: #000000;\">:<\/span><\/h2>\n<p style=\"text-align: justify;\">&#8211; <span style=\"font-weight: 400;\">A screening, analysis, and risk management strategy <\/span><\/p>\n<p style=\"text-align: justify;\">&#8211; <span style=\"font-weight: 400;\">Safety protocols in gas stations \u00a0<\/span><\/p>\n<p style=\"text-align: justify;\">&#8211; <span style=\"font-weight: 400;\">SHE audits within its installations, in Tahiti and its islands<\/span><\/p>\n<p style=\"text-align: justify;\">&#8211; <span style=\"font-weight: 400;\">Strict maintenance and improvement of the storage and shipment conditions procedures <\/span><\/p>\n<p style=\"text-align: justify;\">&#8211; <span style=\"font-weight: 400;\">Regular and efficient staff trainings and regular communication about risks inherent to the activity <\/span><\/p>\n<p style=\"text-align: justify;\">&#8211; <span style=\"font-weight: 400;\">A selection of partner companies which share those SHE requirements and principles. \u00a0<\/span><\/p>\n<p>[\/vc_column_text][vc_empty_space][\/vc_column][\/vc_row]<\/p>\n<\/div>","protected":false},"excerpt":{"rendered":"<p>[vc_row][vc_column][vc_single_image image=&#8221;728&#8243; img_size=&#8221;full&#8221; alignment=&#8221;center&#8221;][\/vc_column][\/vc_row][vc_row css=&#8221;.vc_custom_1448871281920{padding-right: 50px !important;padding-left: 50px !important;}&#8221;][vc_column width=&#8221;1\/3&#8243; css=&#8221;.vc_custom_1450923026901{padding-left: -50px !important;}&#8221;][vc_empty_space][vc_tta_accordion active_section=&#8221;1&#8243;][vc_tta_section title=&#8221;ExxonMobil&#8221; tab_id=&#8221;1450918292073-f1fee5b6-51f4&#8243;][vc_column_text]Corporate Exxonmobil[\/vc_column_text][\/vc_tta_section][vc_tta_section title=&#8221;What&#8217;s new ?&#8221; tab_id=&#8221;1450918292543-746dbe59-a5d1&#8243;][vc_column_text]Looking for high performance lubricants ? [\/vc_column_text][\/vc_tta_section][vc_tta_section title=&#8221;Contact us&#8221; tab_id=&#8221;1450918540038-5085f4d4-29dc&#8221;][vc_column_text]Contact Petropol[\/vc_column_text][\/vc_tta_section][\/vc_tta_accordion][vc_empty_space][\/vc_column][vc_column width=&#8221;1\/3&#8243; css=&#8221;.vc_custom_1450923035794{padding-left: -30px !important;}&#8221;][vc_row_inner][vc_column_inner][vc_column_text css=&#8221;.vc_custom_1450922659326{border-right-width: 20px !important;border-left-width: 20px !important;}&#8221;] OUR COMMITMENTS IN S.H.E. POLICIES\u00a0: As a key player of the French Polynesia development,\u00a0Petropol has [&hellip;]<\/p>\n","protected":false},"author":1,"featured_media":0,"parent":0,"menu_order":0,"comment_status":"open","ping_status":"open","template":"","meta":{"footnotes":""},"class_list":["post-1652","page","type-page","status-publish","hentry"],"yoast_head":"<!-- This site is optimized with the Yoast SEO plugin v27.5 - https:\/\/yoast.com\/product\/yoast-seo-wordpress\/ -->\n<title>S.H.E. Policies - Petropol Polyn\u00e9sie<\/title>\n<meta name=\"description\" content=\"Petropol attache une importance majeure \u00e0 la politique S.H. E.dans ses activit\u00e9s. As a key player in Tahiti, Petropol is commited in Mobil S.H.E. policies.\" \/>\n<meta name=\"robots\" content=\"index, follow, max-snippet:-1, max-image-preview:large, max-video-preview:-1\" \/>\n<link rel=\"canonical\" href=\"https:\/\/petropol-polynesie.com\/en\/s-h-e\/\" \/>\n<meta property=\"og:locale\" content=\"en_US\" \/>\n<meta property=\"og:type\" content=\"article\" \/>\n<meta property=\"og:title\" content=\"S.H.E. Policies - Petropol Polyn\u00e9sie\" \/>\n<meta property=\"og:description\" content=\"Petropol attache une importance majeure \u00e0 la politique S.H. E.dans ses activit\u00e9s. As a key player in Tahiti, Petropol is commited in Mobil S.H.E. policies.\" \/>\n<meta property=\"og:url\" content=\"https:\/\/petropol-polynesie.com\/en\/s-h-e\/\" \/>\n<meta property=\"og:site_name\" content=\"Petropol Polyn\u00e9sie\" \/>\n<meta property=\"article:modified_time\" content=\"2016-07-27T19:46:00+00:00\" \/>\n<meta name=\"twitter:card\" content=\"summary_large_image\" \/>\n<meta name=\"twitter:label1\" content=\"Est. reading time\" \/>\n\t<meta name=\"twitter:data1\" content=\"3 minutes\" \/>\n<script type=\"application\/ld+json\" class=\"yoast-schema-graph\">{\"@context\":\"https:\\\/\\\/schema.org\",\"@graph\":[{\"@type\":\"WebPage\",\"@id\":\"https:\\\/\\\/petropol-polynesie.com\\\/en\\\/s-h-e\\\/\",\"url\":\"https:\\\/\\\/petropol-polynesie.com\\\/en\\\/s-h-e\\\/\",\"name\":\"S.H.E. Policies - Petropol Polyn\u00e9sie\",\"isPartOf\":{\"@id\":\"https:\\\/\\\/petropol-polynesie.com\\\/#website\"},\"datePublished\":\"2015-05-21T02:59:34+00:00\",\"dateModified\":\"2016-07-27T19:46:00+00:00\",\"description\":\"Petropol attache une importance majeure \u00e0 la politique S.H. E.dans ses activit\u00e9s. As a key player in Tahiti, Petropol is commited in Mobil S.H.E. policies.\",\"breadcrumb\":{\"@id\":\"https:\\\/\\\/petropol-polynesie.com\\\/en\\\/s-h-e\\\/#breadcrumb\"},\"inLanguage\":\"en-US\",\"potentialAction\":[{\"@type\":\"ReadAction\",\"target\":[\"https:\\\/\\\/petropol-polynesie.com\\\/en\\\/s-h-e\\\/\"]}]},{\"@type\":\"BreadcrumbList\",\"@id\":\"https:\\\/\\\/petropol-polynesie.com\\\/en\\\/s-h-e\\\/#breadcrumb\",\"itemListElement\":[{\"@type\":\"ListItem\",\"position\":1,\"name\":\"Accueil\",\"item\":\"https:\\\/\\\/petropol-polynesie.com\\\/en\\\/\"},{\"@type\":\"ListItem\",\"position\":2,\"name\":\"S.H.E. Policies\"}]},{\"@type\":\"WebSite\",\"@id\":\"https:\\\/\\\/petropol-polynesie.com\\\/#website\",\"url\":\"https:\\\/\\\/petropol-polynesie.com\\\/\",\"name\":\"Petropol Polyn\u00e9sie\",\"description\":\"\",\"potentialAction\":[{\"@type\":\"SearchAction\",\"target\":{\"@type\":\"EntryPoint\",\"urlTemplate\":\"https:\\\/\\\/petropol-polynesie.com\\\/?s={search_term_string}\"},\"query-input\":{\"@type\":\"PropertyValueSpecification\",\"valueRequired\":true,\"valueName\":\"search_term_string\"}}],\"inLanguage\":\"en-US\"}]}<\/script>\n<!-- \/ Yoast SEO plugin. -->","yoast_head_json":{"title":"S.H.E. Policies - Petropol Polyn\u00e9sie","description":"Petropol attache une importance majeure \u00e0 la politique S.H. E.dans ses activit\u00e9s. As a key player in Tahiti, Petropol is commited in Mobil S.H.E. policies.","robots":{"index":"index","follow":"follow","max-snippet":"max-snippet:-1","max-image-preview":"max-image-preview:large","max-video-preview":"max-video-preview:-1"},"canonical":"https:\/\/petropol-polynesie.com\/en\/s-h-e\/","og_locale":"en_US","og_type":"article","og_title":"S.H.E. Policies - Petropol Polyn\u00e9sie","og_description":"Petropol attache une importance majeure \u00e0 la politique S.H. E.dans ses activit\u00e9s. As a key player in Tahiti, Petropol is commited in Mobil S.H.E. policies.","og_url":"https:\/\/petropol-polynesie.com\/en\/s-h-e\/","og_site_name":"Petropol Polyn\u00e9sie","article_modified_time":"2016-07-27T19:46:00+00:00","twitter_card":"summary_large_image","twitter_misc":{"Est. reading time":"3 minutes"},"schema":{"@context":"https:\/\/schema.org","@graph":[{"@type":"WebPage","@id":"https:\/\/petropol-polynesie.com\/en\/s-h-e\/","url":"https:\/\/petropol-polynesie.com\/en\/s-h-e\/","name":"S.H.E. Policies - Petropol Polyn\u00e9sie","isPartOf":{"@id":"https:\/\/petropol-polynesie.com\/#website"},"datePublished":"2015-05-21T02:59:34+00:00","dateModified":"2016-07-27T19:46:00+00:00","description":"Petropol attache une importance majeure \u00e0 la politique S.H. E.dans ses activit\u00e9s. As a key player in Tahiti, Petropol is commited in Mobil S.H.E. policies.","breadcrumb":{"@id":"https:\/\/petropol-polynesie.com\/en\/s-h-e\/#breadcrumb"},"inLanguage":"en-US","potentialAction":[{"@type":"ReadAction","target":["https:\/\/petropol-polynesie.com\/en\/s-h-e\/"]}]},{"@type":"BreadcrumbList","@id":"https:\/\/petropol-polynesie.com\/en\/s-h-e\/#breadcrumb","itemListElement":[{"@type":"ListItem","position":1,"name":"Accueil","item":"https:\/\/petropol-polynesie.com\/en\/"},{"@type":"ListItem","position":2,"name":"S.H.E. Policies"}]},{"@type":"WebSite","@id":"https:\/\/petropol-polynesie.com\/#website","url":"https:\/\/petropol-polynesie.com\/","name":"Petropol Polyn\u00e9sie","description":"","potentialAction":[{"@type":"SearchAction","target":{"@type":"EntryPoint","urlTemplate":"https:\/\/petropol-polynesie.com\/?s={search_term_string}"},"query-input":{"@type":"PropertyValueSpecification","valueRequired":true,"valueName":"search_term_string"}}],"inLanguage":"en-US"}]}},"_links":{"self":[{"href":"https:\/\/petropol-polynesie.com\/en\/wp-json\/wp\/v2\/pages\/1652","targetHints":{"allow":["GET"]}}],"collection":[{"href":"https:\/\/petropol-polynesie.com\/en\/wp-json\/wp\/v2\/pages"}],"about":[{"href":"https:\/\/petropol-polynesie.com\/en\/wp-json\/wp\/v2\/types\/page"}],"author":[{"embeddable":true,"href":"https:\/\/petropol-polynesie.com\/en\/wp-json\/wp\/v2\/users\/1"}],"replies":[{"embeddable":true,"href":"https:\/\/petropol-polynesie.com\/en\/wp-json\/wp\/v2\/comments?post=1652"}],"version-history":[{"count":9,"href":"https:\/\/petropol-polynesie.com\/en\/wp-json\/wp\/v2\/pages\/1652\/revisions"}],"predecessor-version":[{"id":1979,"href":"https:\/\/petropol-polynesie.com\/en\/wp-json\/wp\/v2\/pages\/1652\/revisions\/1979"}],"wp:attachment":[{"href":"https:\/\/petropol-polynesie.com\/en\/wp-json\/wp\/v2\/media?parent=1652"}],"curies":[{"name":"wp","href":"https:\/\/api.w.org\/{rel}","templated":true}]}}